{"id":17,"date":"2024-09-20T20:58:37","date_gmt":"2024-09-20T20:58:37","guid":{"rendered":"https:\/\/propostadigital.diamondpublioficial.com.br\/verlynepomuceno\/?page_id=17"},"modified":"2026-02-15T21:58:38","modified_gmt":"2026-02-15T21:58:38","slug":"contato","status":"publish","type":"page","link":"https:\/\/advogados.diamondpublioficial.com.br\/oliveiraediniz\/contato\/","title":{"rendered":"Contato"},"content":{"rendered":"\t\t<div data-elementor-type=\"wp-page\" data-elementor-id=\"17\" class=\"elementor elementor-17\" data-elementor-post-type=\"page\">\n\t\t\t\t<div class=\"elementor-element elementor-element-f6bcccd e-flex e-con-boxed wpr-particle-no wpr-jarallax-no wpr-parallax-no wpr-sticky-section-no e-con e-parent\" data-id=\"f6bcccd\" data-element_type=\"container\" data-e-type=\"container\" data-settings=\"{&quot;background_background&quot;:&quot;classic&quot;,&quot;jet_parallax_layout_list&quot;:[]}\">\n\t\t\t\t\t<div class=\"e-con-inner\">\n\t\t\t\t<div class=\"elementor-element elementor-element-dc76110 elementor-widget elementor-widget-heading\" data-id=\"dc76110\" data-element_type=\"widget\" data-e-type=\"widget\" data-widget_type=\"heading.default\">\n\t\t\t\t<div class=\"elementor-widget-container\">\n\t\t\t\t\t<h2 class=\"elementor-heading-title elementor-size-default\">Precisando de orienta\u00e7\u00e3o jur\u00eddica? <br>Fale conosco!<\/h2>\t\t\t\t<\/div>\n\t\t\t\t<\/div>\n\t\t\t\t\t<\/div>\n\t\t\t\t<\/div>\n\t\t<div class=\"elementor-element elementor-element-80400fc e-flex e-con-boxed wpr-particle-no wpr-jarallax-no wpr-parallax-no wpr-sticky-section-no e-con e-parent\" data-id=\"80400fc\" data-element_type=\"container\" data-e-type=\"container\" data-settings=\"{&quot;background_background&quot;:&quot;classic&quot;,&quot;jet_parallax_layout_list&quot;:[]}\">\n\t\t\t\t\t<div class=\"e-con-inner\">\n\t\t<div class=\"elementor-element elementor-element-6ebc08a e-con-full e-flex wpr-particle-no wpr-jarallax-no wpr-parallax-no wpr-sticky-section-no e-con e-child\" data-id=\"6ebc08a\" data-element_type=\"container\" data-e-type=\"container\" data-settings=\"{&quot;jet_parallax_layout_list&quot;:[]}\">\n\t\t<div class=\"elementor-element elementor-element-eaabac4 e-con-full e-flex wpr-particle-no wpr-jarallax-no wpr-parallax-no wpr-sticky-section-no e-con e-child\" data-id=\"eaabac4\" data-element_type=\"container\" data-e-type=\"container\" data-settings=\"{&quot;jet_parallax_layout_list&quot;:[]}\">\n\t\t\t\t<div class=\"elementor-element elementor-element-1bf50d4 elementor-widget elementor-widget-heading\" data-id=\"1bf50d4\" data-element_type=\"widget\" data-e-type=\"widget\" data-widget_type=\"heading.default\">\n\t\t\t\t<div class=\"elementor-widget-container\">\n\t\t\t\t\t<h2 class=\"elementor-heading-title elementor-size-default\">Onde Estamos?<\/h2>\t\t\t\t<\/div>\n\t\t\t\t<\/div>\n\t\t\t\t<div class=\"elementor-element elementor-element-2f7d580 elementor-position-inline-start elementor-view-default elementor-mobile-position-block-start elementor-widget elementor-widget-icon-box\" data-id=\"2f7d580\" data-element_type=\"widget\" data-e-type=\"widget\" data-widget_type=\"icon-box.default\">\n\t\t\t\t<div class=\"elementor-widget-container\">\n\t\t\t\t\t\t\t<div class=\"elementor-icon-box-wrapper\">\n\n\t\t\t\t\t\t<div class=\"elementor-icon-box-icon\">\n\t\t\t\t<span  class=\"elementor-icon elementor-animation-grow\">\n\t\t\t\t<svg xmlns=\"http:\/\/www.w3.org\/2000\/svg\" xmlns:xlink=\"http:\/\/www.w3.org\/1999\/xlink\" id=\"Capa_1\" x=\"0px\" y=\"0px\" viewBox=\"0 0 368.16 368.16\" style=\"enable-background:new 0 0 368.16 368.16;\" xml:space=\"preserve\"><g>\t<g>\t\t<g>\t\t\t<path d=\"M184.08,0c-74.992,0-136,61.008-136,136c0,24.688,11.072,51.24,11.536,52.36c3.576,8.488,10.632,21.672,15.72,29.4    l93.248,141.288c3.816,5.792,9.464,9.112,15.496,9.112s11.68-3.32,15.496-9.104l93.256-141.296    c5.096-7.728,12.144-20.912,15.72-29.4c0.464-1.112,11.528-27.664,11.528-52.36C320.08,61.008,259.072,0,184.08,0z     M293.8,182.152c-3.192,7.608-9.76,19.872-14.328,26.8l-93.256,141.296c-1.84,2.792-2.424,2.792-4.264,0L88.696,208.952    c-4.568-6.928-11.136-19.2-14.328-26.808C74.232,181.816,64.08,157.376,64.08,136c0-66.168,53.832-120,120-120    c66.168,0,120,53.832,120,120C304.08,157.408,293.904,181.912,293.8,182.152z\"><\/path>\t\t\t<path d=\"M184.08,64.008c-39.704,0-72,32.304-72,72c0,39.696,32.296,72,72,72c39.704,0,72-32.304,72-72    C256.08,96.312,223.784,64.008,184.08,64.008z M184.08,192.008c-30.872,0-56-25.12-56-56s25.128-56,56-56s56,25.12,56,56    S214.952,192.008,184.08,192.008z\"><\/path>\t\t<\/g>\t<\/g><\/g><g><\/g><g><\/g><g><\/g><g><\/g><g><\/g><g><\/g><g><\/g><g><\/g><g><\/g><g><\/g><g><\/g><g><\/g><g><\/g><g><\/g><g><\/g><\/svg>\t\t\t\t<\/span>\n\t\t\t<\/div>\n\t\t\t\n\t\t\t\t\t\t<div class=\"elementor-icon-box-content\">\n\n\t\t\t\t\t\t\t\t\t<h3 class=\"elementor-icon-box-title\">\n\t\t\t\t\t\t<span  >\n\t\t\t\t\t\t\tLocaliza\u00e7\u00e3o\t\t\t\t\t\t<\/span>\n\t\t\t\t\t<\/h3>\n\t\t\t\t\n\t\t\t\t\t\t\t\t\t<p class=\"elementor-icon-box-description\">\n\t\t\t\t\t\tR. Papoula, 121 - Jardim das Flores, Osasco - SP, 06110-210, Brasil\t\t\t\t\t<\/p>\n\t\t\t\t\n\t\t\t<\/div>\n\t\t\t\n\t\t<\/div>\n\t\t\t\t\t\t<\/div>\n\t\t\t\t<\/div>\n\t\t\t\t<div class=\"elementor-element elementor-element-0de471c elementor-position-inline-start elementor-view-default elementor-mobile-position-block-start elementor-widget elementor-widget-icon-box\" data-id=\"0de471c\" data-element_type=\"widget\" data-e-type=\"widget\" data-widget_type=\"icon-box.default\">\n\t\t\t\t<div class=\"elementor-widget-container\">\n\t\t\t\t\t\t\t<div class=\"elementor-icon-box-wrapper\">\n\n\t\t\t\t\t\t<div class=\"elementor-icon-box-icon\">\n\t\t\t\t<span  class=\"elementor-icon elementor-animation-grow\">\n\t\t\t\t<svg xmlns=\"http:\/\/www.w3.org\/2000\/svg\" id=\"Layer_1\" height=\"512\" viewBox=\"0 0 90 90\" width=\"512\"><g><path d=\"m32.991 24.801h46.908l-25.624 20.122c-.543.426-1.189.634-1.775.691-.59-.058-1.238-.266-1.787-.691l-18.312-14.385c-.194-.156-.413-.275-.654-.349.862-1.216 1.354-2.687 1.328-4.272-.005-.363-.037-.737-.084-1.116zm-11.929-12.941c.059.01.156.047.367.145.417.198 1.08.708 1.729 1.419 1.307 1.424 2.613 3.581 3.291 5.005.021.042.043.088.063.135 1.924 3.301 2.754 5.826 2.779 7.41.027 1.591-.4 2.276-1.749 3.051l-3.48 2.006c-2.267 1.305-3.338 3.644-3.604 5.826-.267 2.183.126 4.304 1.097 5.981l8.59 14.805c.973 1.676 2.634 3.078 4.665 3.939 2.033.863 4.604 1.107 6.871-.195l3.48-2.002c1.348-.773 2.163-.789 3.532.025 1.373.816 3.156 2.787 5.072 6.09.027.049.053.09.084.137.898 1.295 2.121 3.492 2.711 5.332.293.914.408 1.74.371 2.197-.041.459-.051.412-.172.484l-2.648 1.518c-6.652 2.885-12.749 2.234-18.198-.592-5.459-2.838-10.204-7.963-13.512-13.98-.011-.012-.016-.027-.025-.035l-7.246-12.488c-.012-.012-.017-.023-.027-.039-3.585-5.86-5.674-12.513-5.412-18.634.262-6.112 2.742-11.684 8.584-15.971l2.649-1.513c.061-.035.081-.062.138-.056zm.027-3.721c-.701-.011-1.416.136-2.059.509l-2.801 1.611c-.063.036-.121.073-.178.109-6.739 4.932-9.842 11.798-10.145 18.875-.303 7.074 2.059 14.375 5.961 20.758l7.222 12.445-.017-.037c3.605 6.551 8.771 12.234 15.084 15.508 6.316 3.279 13.84 4.039 21.504.697.063-.027.127-.057.184-.092l2.805-1.611c1.297-.738 1.949-2.174 2.055-3.428.109-1.25-.146-2.467-.533-3.666-.758-2.371-2.08-4.674-3.172-6.254-2.063-3.549-4.055-6.012-6.357-7.389-2.32-1.383-5.105-1.363-7.377-.057l-3.48 2.006c-1.028.592-2.23.523-3.495-.012-1.259-.535-2.425-1.605-2.858-2.355l-8.59-14.804c-.434-.754-.789-2.292-.621-3.648.162-1.352.711-2.411 1.74-3.004l3.381-1.944c.088.453.344.864.715 1.14l18.313 14.388c1.191.936 2.602 1.457 4.023 1.539.072.004.146.004.219 0 1.422-.082 2.826-.604 4.018-1.539l25.222-19.814v32.734c0 .498-.568 1.154-1.682 1.154h-17.461c-1.051-.006-1.902.842-1.902 1.887 0 1.043.852 1.891 1.902 1.885h17.461c2.854 0 5.477-2.063 5.477-4.926v-34.849c0-2.865-2.623-4.927-5.477-4.927h-48.218c-.534-1.335-1.239-2.75-2.127-4.288-.831-1.73-2.179-4.017-3.866-5.856-.852-.932-1.771-1.758-2.92-2.292v.005c-.571-.27-1.25-.443-1.95-.458z\"><\/path><\/g><\/svg>\t\t\t\t<\/span>\n\t\t\t<\/div>\n\t\t\t\n\t\t\t\t\t\t<div class=\"elementor-icon-box-content\">\n\n\t\t\t\t\t\t\t\t\t<h3 class=\"elementor-icon-box-title\">\n\t\t\t\t\t\t<span  >\n\t\t\t\t\t\t\tAtendimento Seg \u00e0 Sex das 9:00 \u00e1s 17:00\t\t\t\t\t\t<\/span>\n\t\t\t\t\t<\/h3>\n\t\t\t\t\n\t\t\t\t\t\t\t\t\t<p class=\"elementor-icon-box-description\">\n\t\t\t\t\t\t(11) 3682-0672\n<br> (11) 3685-2241<br>\ncontato@oliveiraediniz.com\t\t\t\t\t<\/p>\n\t\t\t\t\n\t\t\t<\/div>\n\t\t\t\n\t\t<\/div>\n\t\t\t\t\t\t<\/div>\n\t\t\t\t<\/div>\n\t\t\t\t<div class=\"elementor-element elementor-element-f9b2e80 elementor-widget elementor-widget-google_maps\" data-id=\"f9b2e80\" data-element_type=\"widget\" data-e-type=\"widget\" data-widget_type=\"google_maps.default\">\n\t\t\t\t<div class=\"elementor-widget-container\">\n\t\t\t\t\t\t\t<div class=\"elementor-custom-embed\">\n\t\t\t<iframe loading=\"lazy\"\n\t\t\t\t\tsrc=\"https:\/\/maps.google.com\/maps?q=R.%20Papoula%2C%20121%20-%20Jardim%20das%20Flores%2C%20Osasco%20-%20SP%2C%2006110-210%2C%20Brasil&#038;t=m&#038;z=17&#038;output=embed&#038;iwloc=near\"\n\t\t\t\t\ttitle=\"R. Papoula, 121 - Jardim das Flores, Osasco - SP, 06110-210, Brasil\"\n\t\t\t\t\taria-label=\"R. Papoula, 121 - Jardim das Flores, Osasco - SP, 06110-210, Brasil\"\n\t\t\t><\/iframe>\n\t\t<\/div>\n\t\t\t\t\t\t<\/div>\n\t\t\t\t<\/div>\n\t\t\t\t<div class=\"elementor-element elementor-element-18e19c5 elementor-widget elementor-widget-text-editor\" data-id=\"18e19c5\" data-element_type=\"widget\" data-e-type=\"widget\" data-widget_type=\"text-editor.default\">\n\t\t\t\t<div class=\"elementor-widget-container\">\n\t\t\t\t\t\t\t\t\t<p><a href=\"https:\/\/adm.diamondpublioficial.com.br\/politica-de-privacidade\/\">Termos de Uso e a Pol\u00edtica de Privacidade<\/a><\/p>\t\t\t\t\t\t\t\t<\/div>\n\t\t\t\t<\/div>\n\t\t\t\t<\/div>\n\t\t<div class=\"elementor-element elementor-element-c8c15ac e-con-full e-flex wpr-particle-no wpr-jarallax-no wpr-parallax-no wpr-sticky-section-no e-con e-child\" data-id=\"c8c15ac\" data-element_type=\"container\" data-e-type=\"container\" data-settings=\"{&quot;background_background&quot;:&quot;classic&quot;,&quot;jet_parallax_layout_list&quot;:[]}\">\n\t\t\t\t<div class=\"elementor-element elementor-element-6bdcf7a elementor-widget elementor-widget-heading\" data-id=\"6bdcf7a\" data-element_type=\"widget\" data-e-type=\"widget\" data-widget_type=\"heading.default\">\n\t\t\t\t<div class=\"elementor-widget-container\">\n\t\t\t\t\t<h2 class=\"elementor-heading-title elementor-size-default\">Fale Conosco<\/h2>\t\t\t\t<\/div>\n\t\t\t\t<\/div>\n\t\t\t\t<div class=\"elementor-element elementor-element-4fe9b51 elementor-widget elementor-widget-heading\" data-id=\"4fe9b51\" data-element_type=\"widget\" data-e-type=\"widget\" data-widget_type=\"heading.default\">\n\t\t\t\t<div class=\"elementor-widget-container\">\n\t\t\t\t\t<h2 class=\"elementor-heading-title elementor-size-default\">Envie sua mensagem ou agende uma reuni\u00e3o com um de nossos especialistas.<br><br>\nNossa equipe retornar\u00e1 o contato em at\u00e9 1 dia \u00fatil para entender o seu caso e oferecer a melhor solu\u00e7\u00e3o.<\/h2>\t\t\t\t<\/div>\n\t\t\t\t<\/div>\n\t\t\t\t<div class=\"elementor-element elementor-element-915d077 elementor-button-align-end elementor-widget elementor-widget-form\" data-id=\"915d077\" data-element_type=\"widget\" data-e-type=\"widget\" data-settings=\"{&quot;step_next_label&quot;:&quot;Pr\\u00f3ximo&quot;,&quot;step_previous_label&quot;:&quot;Anterior&quot;,&quot;button_width&quot;:&quot;100&quot;,&quot;step_type&quot;:&quot;number_text&quot;,&quot;step_icon_shape&quot;:&quot;circle&quot;}\" data-widget_type=\"form.default\">\n\t\t\t\t<div class=\"elementor-widget-container\">\n\t\t\t\t\t\t\t<form class=\"elementor-form\" method=\"post\" name=\"Formulario \" aria-label=\"Formulario \">\n\t\t\t<input type=\"hidden\" name=\"post_id\" value=\"17\"\/>\n\t\t\t<input type=\"hidden\" name=\"form_id\" value=\"915d077\"\/>\n\t\t\t<input type=\"hidden\" name=\"referer_title\" value=\"Contato\" \/>\n\n\t\t\t\t\t\t\t<input type=\"hidden\" name=\"queried_id\" value=\"17\"\/>\n\t\t\t\n\t\t\t<div class=\"elementor-form-fields-wrapper elementor-labels-\">\n\t\t\t\t\t\t\t\t<div class=\"elementor-field-type-text elementor-field-group elementor-column elementor-field-group-name elementor-col-50 elementor-field-required\">\n\t\t\t\t\t\t\t\t\t\t\t\t<label for=\"form-field-name\" class=\"elementor-field-label elementor-screen-only\">\n\t\t\t\t\t\t\t\tNome\t\t\t\t\t\t\t<\/label>\n\t\t\t\t\t\t\t\t\t\t\t\t\t\t<input size=\"1\" type=\"text\" name=\"form_fields[name]\" id=\"form-field-name\" class=\"elementor-field elementor-size-sm  elementor-field-textual\" placeholder=\"Seu Nome\" required=\"required\">\n\t\t\t\t\t\t\t\t\t\t\t<\/div>\n\t\t\t\t\t\t\t\t<div class=\"elementor-field-type-tel elementor-field-group elementor-column elementor-field-group-field_6b4909b elementor-col-50 elementor-field-required\">\n\t\t\t\t\t\t\t\t\t\t\t\t<label for=\"form-field-field_6b4909b\" class=\"elementor-field-label elementor-screen-only\">\n\t\t\t\t\t\t\t\tTelefone\t\t\t\t\t\t\t<\/label>\n\t\t\t\t\t\t\t\t<input size=\"1\" type=\"tel\" name=\"form_fields[field_6b4909b]\" id=\"form-field-field_6b4909b\" class=\"elementor-field elementor-size-sm  elementor-field-textual\" placeholder=\"Seu Whatsapp\" required=\"required\" pattern=\"[0-9()#&amp;+*-=.]+\" title=\"Only numbers and phone characters (#, -, *, etc) are accepted.\">\n\n\t\t\t\t\t\t<\/div>\n\t\t\t\t\t\t\t\t<div class=\"elementor-field-type-email elementor-field-group elementor-column elementor-field-group-email elementor-col-100 elementor-field-required\">\n\t\t\t\t\t\t\t\t\t\t\t\t<label for=\"form-field-email\" class=\"elementor-field-label elementor-screen-only\">\n\t\t\t\t\t\t\t\tEmail\t\t\t\t\t\t\t<\/label>\n\t\t\t\t\t\t\t\t\t\t\t\t\t\t<input size=\"1\" type=\"email\" name=\"form_fields[email]\" id=\"form-field-email\" class=\"elementor-field elementor-size-sm  elementor-field-textual\" placeholder=\"Seu Email\" required=\"required\">\n\t\t\t\t\t\t\t\t\t\t\t<\/div>\n\t\t\t\t\t\t\t\t<div class=\"elementor-field-type-select elementor-field-group elementor-column elementor-field-group-field_dd39118 elementor-col-100 elementor-field-required\">\n\t\t\t\t\t\t\t\t\t\t\t\t<label for=\"form-field-field_dd39118\" class=\"elementor-field-label elementor-screen-only\">\n\t\t\t\t\t\t\t\tSelecione a op\u00e7\u00e3o\t\t\t\t\t\t\t<\/label>\n\t\t\t\t\t\t\t\t<div class=\"elementor-field elementor-select-wrapper remove-before \">\n\t\t\t<div class=\"select-caret-down-wrapper\">\n\t\t\t\t<svg aria-hidden=\"true\" class=\"e-font-icon-svg e-eicon-caret-down\" viewBox=\"0 0 571.4 571.4\" xmlns=\"http:\/\/www.w3.org\/2000\/svg\"><path d=\"M571 393Q571 407 561 418L311 668Q300 679 286 679T261 668L11 418Q0 407 0 393T11 368 36 357H536Q550 357 561 368T571 393Z\"><\/path><\/svg>\t\t\t<\/div>\n\t\t\t<select name=\"form_fields[field_dd39118]\" id=\"form-field-field_dd39118\" class=\"elementor-field-textual elementor-size-sm\" required=\"required\">\n\t\t\t\t\t\t\t\t\t<option value=\"Direito Civil\">Direito Civil<\/option>\n\t\t\t\t\t\t\t\t\t<option value=\"Direito Trabalhista\">Direito Trabalhista<\/option>\n\t\t\t\t\t\t\t\t\t<option value=\"Direito Empresarial\">Direito Empresarial<\/option>\n\t\t\t\t\t\t\t\t\t<option value=\"Direito Tribut\u00e1rio\">Direito Tribut\u00e1rio<\/option>\n\t\t\t\t\t\t\t\t\t<option value=\"Direito Imobili\u00e1rio\">Direito Imobili\u00e1rio<\/option>\n\t\t\t\t\t\t\t\t\t<option value=\"Direito Previdenci\u00e1rio\">Direito Previdenci\u00e1rio<\/option>\n\t\t\t\t\t\t\t\t\t<option value=\"Direito Familiar\">Direito Familiar<\/option>\n\t\t\t\t\t\t\t\t\t<option value=\"Outros\">Outros<\/option>\n\t\t\t\t\t\t\t<\/select>\n\t\t<\/div>\n\t\t\t\t\t\t<\/div>\n\t\t\t\t\t\t\t\t<div class=\"elementor-field-type-textarea elementor-field-group elementor-column elementor-field-group-message elementor-col-100\">\n\t\t\t\t\t\t\t\t\t\t\t\t<label for=\"form-field-message\" class=\"elementor-field-label elementor-screen-only\">\n\t\t\t\t\t\t\t\tMessage\t\t\t\t\t\t\t<\/label>\n\t\t\t\t\t\t<textarea class=\"elementor-field-textual elementor-field  elementor-size-sm\" name=\"form_fields[message]\" id=\"form-field-message\" rows=\"5\" placeholder=\"Escreva sua mensagem Clara e Objetiva\"><\/textarea>\t\t\t\t<\/div>\n\t\t\t\t\t\t\t\t<div class=\"elementor-field-group elementor-column elementor-field-type-submit elementor-col-100 e-form__buttons\">\n\t\t\t\t\t<button class=\"elementor-button elementor-size-sm elementor-animation-grow\" type=\"submit\">\n\t\t\t\t\t\t<span class=\"elementor-button-content-wrapper\">\n\t\t\t\t\t\t\t\t\t\t\t\t\t\t\t\t\t\t\t\t\t\t<span class=\"elementor-button-text\">Solicitar Atendimento<\/span>\n\t\t\t\t\t\t\t\t\t\t\t\t\t<\/span>\n\t\t\t\t\t<\/button>\n\t\t\t\t<\/div>\n\t\t\t<\/div>\n\t\t<\/form>\n\t\t\t\t\t\t<\/div>\n\t\t\t\t<\/div>\n\t\t\t\t<\/div>\n\t\t\t\t<\/div>\n\t\t\t\t\t<\/div>\n\t\t\t\t<\/div>\n\t\t\t\t<\/div>\n\t\t","protected":false},"excerpt":{"rendered":"<p>Precisando de orienta\u00e7\u00e3o jur\u00eddica? Fale conosco! Onde Estamos? Localiza\u00e7\u00e3o R. Papoula, 121 &#8211; Jardim das Flores, Osasco &#8211; SP, 06110-210, Brasil Atendimento Seg \u00e0 Sex das 9:00 \u00e1s 17:00 (11) 3682-0672 (11) 3685-2241 contato@oliveiraediniz.com Termos de Uso e a Pol\u00edtica de Privacidade Fale Conosco Envie sua mensagem ou agende uma reuni\u00e3o com um de nossos especialistas. Nossa equipe retornar\u00e1 o contato em at\u00e9 1 dia \u00fatil para entender o seu caso e oferecer a melhor solu\u00e7\u00e3o.<\/p>\n","protected":false},"author":1,"featured_media":0,"parent":0,"menu_order":0,"comment_status":"closed","ping_status":"closed","template":"elementor_header_footer","meta":{"footnotes":""},"class_list":["post-17","page","type-page","status-publish","hentry"],"_links":{"self":[{"href":"https:\/\/advogados.diamondpublioficial.com.br\/oliveiraediniz\/wp-json\/wp\/v2\/pages\/17","targetHints":{"allow":["GET"]}}],"collection":[{"href":"https:\/\/advogados.diamondpublioficial.com.br\/oliveiraediniz\/wp-json\/wp\/v2\/pages"}],"about":[{"href":"https:\/\/advogados.diamondpublioficial.com.br\/oliveiraediniz\/wp-json\/wp\/v2\/types\/page"}],"author":[{"embeddable":true,"href":"https:\/\/advogados.diamondpublioficial.com.br\/oliveiraediniz\/wp-json\/wp\/v2\/users\/1"}],"replies":[{"embeddable":true,"href":"https:\/\/advogados.diamondpublioficial.com.br\/oliveiraediniz\/wp-json\/wp\/v2\/comments?post=17"}],"version-history":[{"count":24,"href":"https:\/\/advogados.diamondpublioficial.com.br\/oliveiraediniz\/wp-json\/wp\/v2\/pages\/17\/revisions"}],"predecessor-version":[{"id":3290,"href":"https:\/\/advogados.diamondpublioficial.com.br\/oliveiraediniz\/wp-json\/wp\/v2\/pages\/17\/revisions\/3290"}],"wp:attachment":[{"href":"https:\/\/advogados.diamondpublioficial.com.br\/oliveiraediniz\/wp-json\/wp\/v2\/media?parent=17"}],"curies":[{"name":"wp","href":"https:\/\/api.w.org\/{rel}","templated":true}]}}